{"id":23410,"date":"2024-03-20T22:24:47","date_gmt":"2024-03-20T22:24:47","guid":{"rendered":"https:\/\/alignian.net\/varumarkestillgangar\/"},"modified":"2025-04-08T08:19:04","modified_gmt":"2025-04-08T08:19:04","slug":"varumarkestillgangar","status":"publish","type":"page","link":"https:\/\/alignian.projectsofar.com\/sv\/varumarkestillgangar\/","title":{"rendered":"Varum\u00e4rkestillg\u00e5ngar"},"content":{"rendered":"<h1>Varum\u00e4rkestillg\u00e5ngar<\/h1>\n<h2>Riktlinjer f\u00f6r varum\u00e4rket<\/h2>\n<p>V\u00e5ra varum\u00e4rkesriktlinjer inneh\u00e5ller specifikationer f\u00f6r typografi, avst\u00e5nd och f\u00e4rganv\u00e4ndning f\u00f6r att uppr\u00e4tth\u00e5lla enhetlighet  <br \/>och \u00e5terspegla v\u00e5r varum\u00e4rkesidentitet p\u00e5 ett effektivt s\u00e4tt i alla pressmeddelanden eller publikationer i alla medietyper.  <\/p>\n<h2>Typografi<br \/>\n<\/h2>\n<p>Poppins \u00e4r det prim\u00e4ra typsnittet som ska anv\u00e4ndas inom kommunikation.<\/p>\n<p>Open Sans Light, Regular, Semibold och Bold kan anv\u00e4ndas som teckensnittsvikter.<\/p>\n<p>Teckenstorlekar: H1 (40) H2 (32) H3 (26) H4 (24) H5 (20) H6 (16), br\u00f6dtext (14).<\/p>\n<p>Styckeavst\u00e5ndet \u00e4r 1,4 f\u00f6r att s\u00e4kerst\u00e4lla konsekvens och l\u00e4sbarhet.<\/p>\n<p>Anv\u00e4nd inledande versal f\u00f6r rubriker och inledande versal i mening f\u00f6r all br\u00f6dtext.<\/p>\n<h2>Avst\u00e5nd<br \/>\n<\/h2>\n<p>Utfyllnaden mellan elementen \u00e4r 10 px vertikalt och 20 px horisontellt utrymme.<\/p>\n<p>Marginalen mellan elementen \u00e4r 15 px vertikalt och horisontellt spelrum.<\/p>\n<p>Layoutjustering \u00e4r avg\u00f6rande f\u00f6r att s\u00e4kerst\u00e4lla ett konsekvent utseende i alla material.<\/p>\n<p>Radavst\u00e5ndet \u00e4r 2 punkter \u00f6ver teckenstorlekarna f\u00f6r att f\u00f6rb\u00e4ttra l\u00e4sbarheten.<\/p>\n<h2>F\u00e4rger<br \/>\n<\/h2>\n<p>V\u00e5r f\u00e4rgpalett HEXA- och Pantone-v\u00e4rden \u00e4r:<\/p>\n<h6>#001035 (289 C)<\/h6>\n<p>\t\t\t<svg aria-hidden=\"true\" viewBox=\"0 0 448 512\" xmlns=\"http:\/\/www.w3.org\/2000\/svg\"><path d=\"M400 32H48C21.5 32 0 53.5 0 80v352c0 26.5 21.5 48 48 48h352c26.5 0 48-21.5 48-48V80c0-26.5-21.5-48-48-48z\"><\/path><\/svg>\t\t\t<\/p>\n<h6>#080F5B (2757 C)<\/h6>\n<p>\t\t\t<svg aria-hidden=\"true\" viewBox=\"0 0 448 512\" xmlns=\"http:\/\/www.w3.org\/2000\/svg\"><path d=\"M400 32H48C21.5 32 0 53.5 0 80v352c0 26.5 21.5 48 48 48h352c26.5 0 48-21.5 48-48V80c0-26.5-21.5-48-48-48z\"><\/path><\/svg>\t\t\t<\/p>\n<h6>#0D19A3 (2728 C)<\/h6>\n<p>\t\t\t<svg aria-hidden=\"true\" viewBox=\"0 0 448 512\" xmlns=\"http:\/\/www.w3.org\/2000\/svg\"><path d=\"M400 32H48C21.5 32 0 53.5 0 80v352c0 26.5 21.5 48 48 48h352c26.5 0 48-21.5 48-48V80c0-26.5-21.5-48-48-48z\"><\/path><\/svg>\t\t\t<\/p>\n<h6>#15DB95 (3252 C)<\/h6>\n<p>\t\t\t<svg aria-hidden=\"true\" viewBox=\"0 0 448 512\" xmlns=\"http:\/\/www.w3.org\/2000\/svg\"><path d=\"M400 32H48C21.5 32 0 53.5 0 80v352c0 26.5 21.5 48 48 48h352c26.5 0 48-21.5 48-48V80c0-26.5-21.5-48-48-48z\"><\/path><\/svg>\t\t\t<\/p>\n<h6>#33CCCC (3125 C)<\/h6>\n<p>\t\t\t<svg aria-hidden=\"true\" viewBox=\"0 0 448 512\" xmlns=\"http:\/\/www.w3.org\/2000\/svg\"><path d=\"M400 32H48C21.5 32 0 53.5 0 80v352c0 26.5 21.5 48 48 48h352c26.5 0 48-21.5 48-48V80c0-26.5-21.5-48-48-48z\"><\/path><\/svg>\t\t\t<\/p>\n<h6>#E4C580 (465 C)<\/h6>\n<p>\t\t\t<svg aria-hidden=\"true\" viewBox=\"0 0 448 512\" xmlns=\"http:\/\/www.w3.org\/2000\/svg\"><path d=\"M400 32H48C21.5 32 0 53.5 0 80v352c0 26.5 21.5 48 48 48h352c26.5 0 48-21.5 48-48V80c0-26.5-21.5-48-48-48z\"><\/path><\/svg>\t\t\t<\/p>\n<p>Anv\u00e4nd acceptabla f\u00e4rgkombinationer och anv\u00e4nd f\u00e4rger effektivt f\u00f6r text framf\u00f6r grafik.<\/p>\n<p>Se till att det finns tillr\u00e4ckligt med kontrast mellan text och m\u00f6rkare bakgrundsf\u00e4rger f\u00f6r l\u00e4sbarhet.<\/p>\n<h2>Logotyper<\/h2>\n<p>\t\t\t\t\t\t\t\t\t\t\t\t\t\t\t\t<a href=\"https:\/\/alignian.projectsofar.com\/wp-content\/uploads\/2024\/03\/Alignian-Logo-Black.svg\" data-elementor-open-lightbox=\"yes\" data-elementor-lightbox-title=\"Aliginian Logo\" data-elementor-lightbox-description=\"Your Global Partner\" data-e-action-hash=\"#elementor-action%3Aaction%3Dlightbox%26settings%3DeyJpZCI6NjgwNSwidXJsIjoiaHR0cHM6XC9cL2FsaWduaWFuLm5ldFwvd3AtY29udGVudFwvdXBsb2Fkc1wvMjAyNFwvMDNcL0FsaWduaWFuLUxvZ28tQmxhY2suc3ZnIn0%3D\"><br \/>\n\t\t\t\t\t\t\t<img loading=\"lazy\" decoding=\"async\" width=\"2267\" height=\"549\" src=\"https:\/\/alignian.projectsofar.com\/wp-content\/uploads\/2024\/03\/Alignian-Logo-Black.svg\" alt=\"Animation Logo\" \/>\t\t\t\t\t\t\t\t<\/a><br \/>\n\t\t\t\t\t\t\t\t\t\t\t\t\t\t\t\t<a href=\"https:\/\/alignian.projectsofar.com\/wp-content\/uploads\/2023\/07\/Layer-1.svg\" data-elementor-open-lightbox=\"yes\" data-elementor-lightbox-title=\"Layer 1\" data-elementor-lightbox-description=\"Layer 1\" data-e-action-hash=\"#elementor-action%3Aaction%3Dlightbox%26settings%3DeyJpZCI6MTAxOTUsInVybCI6Imh0dHBzOlwvXC9hbGlnbmlhbi5uZXRcL3dwLWNvbnRlbnRcL3VwbG9hZHNcLzIwMjNcLzA3XC9MYXllci0xLnN2ZyJ9\"><br \/>\n\t\t\t\t\t\t\t<img loading=\"lazy\" decoding=\"async\" width=\"2268\" height=\"352\" src=\"https:\/\/alignian.projectsofar.com\/wp-content\/uploads\/2023\/07\/Layer-1.svg\" alt=\"Layer 1\" \/>\t\t\t\t\t\t\t\t<\/a><\/p>\n<p>Genom att inf\u00f6rliva dessa element i v\u00e5ra medier&nbsp;tillg\u00e5ngar kan du hj\u00e4lpa oss att skapa en sammanh\u00e4ngande och tillg\u00e4nglig visuell identitet som resonerar med v\u00e5r publik och f\u00f6rst\u00e4rker v\u00e5r unika varum\u00e4rkeskarakt\u00e4r.<\/p>\n","protected":false},"excerpt":{"rendered":"<p>Varum\u00e4rkestillg\u00e5ngar Riktlinjer f\u00f6r varum\u00e4rket V\u00e5ra varum\u00e4rkesriktlinjer inneh\u00e5ller specifikationer f\u00f6r typografi, avst\u00e5nd och f\u00e4rganv\u00e4ndning f\u00f6r att uppr\u00e4tth\u00e5lla enhetlighet och \u00e5terspegla v\u00e5r varum\u00e4rkesidentitet p\u00e5 ett effektivt s\u00e4tt i alla pressmeddelanden eller publikationer i alla medietyper. Typografi Poppins \u00e4r det prim\u00e4ra typsnittet som ska anv\u00e4ndas inom kommunikation. Open Sans Light, Regular, Semibold och Bold kan anv\u00e4ndas som teckensnittsvikter. [&hellip;]<\/p>\n","protected":false},"author":3,"featured_media":0,"parent":0,"menu_order":0,"comment_status":"closed","ping_status":"closed","template":"","meta":{"_acf_changed":false,"googlesitekit_rrm_CAowoN_EDA:productID":"","_gspb_post_css":"","content-type":"","footnotes":""},"class_list":["post-23410","page","type-page","status-publish","hentry"],"acf":[],"_links":{"self":[{"href":"https:\/\/alignian.projectsofar.com\/sv\/wp-json\/wp\/v2\/pages\/23410","targetHints":{"allow":["GET"]}}],"collection":[{"href":"https:\/\/alignian.projectsofar.com\/sv\/wp-json\/wp\/v2\/pages"}],"about":[{"href":"https:\/\/alignian.projectsofar.com\/sv\/wp-json\/wp\/v2\/types\/page"}],"author":[{"embeddable":true,"href":"https:\/\/alignian.projectsofar.com\/sv\/wp-json\/wp\/v2\/users\/3"}],"replies":[{"embeddable":true,"href":"https:\/\/alignian.projectsofar.com\/sv\/wp-json\/wp\/v2\/comments?post=23410"}],"version-history":[{"count":6,"href":"https:\/\/alignian.projectsofar.com\/sv\/wp-json\/wp\/v2\/pages\/23410\/revisions"}],"predecessor-version":[{"id":59566,"href":"https:\/\/alignian.projectsofar.com\/sv\/wp-json\/wp\/v2\/pages\/23410\/revisions\/59566"}],"wp:attachment":[{"href":"https:\/\/alignian.projectsofar.com\/sv\/wp-json\/wp\/v2\/media?parent=23410"}],"curies":[{"name":"wp","href":"https:\/\/api.w.org\/{rel}","templated":true}]}}