{"id":23956,"date":"2023-12-28T09:25:57","date_gmt":"2023-12-28T09:25:57","guid":{"rendered":"https:\/\/alignian.net\/termes-et-conditions\/"},"modified":"2024-04-01T19:14:48","modified_gmt":"2024-04-01T19:14:48","slug":"conditions-generales","status":"publish","type":"page","link":"https:\/\/alignian.projectsofar.com\/fr\/conditions-generales\/","title":{"rendered":"Conditions G\u00e9n\u00e9rales"},"content":{"rendered":"<h2>Termes et conditions<\/h2>\n<p>Veuillez lire nos conditions g\u00e9n\u00e9rales avant d\u2019utiliser notre site Web ou d\u2019utiliser nos services. En acc\u00e9dant \u00e0 notre site Web ou en utilisant nos services, vous acceptez d\u2019\u00eatre li\u00e9 par les pr\u00e9sentes conditions g\u00e9n\u00e9rales.<\/p>\n<h2>1. Utilisation du site Web et des services<\/h2>\n<p>1.1 Notre site Web est destin\u00e9 \u00e0 des fins d\u2019information et de promotion. Toute utilisation ou modification non autoris\u00e9e du contenu de notre site web est strictement interdite. Lorsque vous utilisez nos services, vous acceptez de fournir des informations exactes et \u00e0 jour.  <\/p>\n<p>1.2 Vous \u00eates responsable du maintien de la confidentialit\u00e9 des d\u00e9tails de votre compte.  <\/p>\n<p>1.3 Dans les pr\u00e9sentes Conditions, les r\u00e9f\u00e9rences \u00e0 une loi ou \u00e0 une disposition l\u00e9gislative doivent, sauf si le contexte l\u2019exige autrement, \u00eatre interpr\u00e9t\u00e9es comme une r\u00e9f\u00e9rence \u00e0 cette loi ou \u00e0 cette disposition l\u00e9gislative telle qu\u2019elle a \u00e9t\u00e9 amend\u00e9e, consolid\u00e9e, modifi\u00e9e, \u00e9tendue, r\u00e9\u00e9dict\u00e9e ou remplac\u00e9e.<\/p>\n<h2>2. Application des conditions<\/h2>\n<p>2.1 Les pr\u00e9sentes Conditions et toutes les Conditions Particuli\u00e8res applicables sont les seules conditions sur lesquelles la Soci\u00e9t\u00e9 est dispos\u00e9e \u00e0 traiter avec le Client et elles r\u00e9giront tous les Accords entre les parties \u00e0 l\u2019exclusion totale de toutes autres conditions g\u00e9n\u00e9rales.<\/p>\n<p>2.2 Chaque Commande de Services sera consid\u00e9r\u00e9e comme une offre du Client d\u2019acqu\u00e9rir des Services soumis aux pr\u00e9sentes Conditions et \u00e0 toutes Conditions Particuli\u00e8res applicables et aucune Commande ne sera consid\u00e9r\u00e9e comme accept\u00e9e tant que la Soci\u00e9t\u00e9 n\u2019aura pas accept\u00e9 l\u2019offre soit : a) express\u00e9ment en donnant un avis d\u2019acceptation sous la forme d\u2019un accus\u00e9 de r\u00e9ception de commande ou d\u2019un document similaire&nbsp;; ou (b) implicitement en commen\u00e7ant \u00e0 fournir les Services.<\/p>\n<p>2.3 Aucune condition ou condition endoss\u00e9e, livr\u00e9e avec ou contenue dans le bon de commande, la confirmation de commande, les sp\u00e9cifications ou tout autre document du Client ne fera partie du Contrat et le Client renonce \u00e0 tout droit qu\u2019il pourrait autrement avoir de se pr\u00e9valoir de ces conditions g\u00e9n\u00e9rales.<\/p>\n<p>2.4 Tout Devis n\u2019est valable que pour une dur\u00e9e de 5 jours \u00e0 compter de sa date. Afin d\u2019\u00e9viter toute ambigu\u00eft\u00e9, un Devis ne constitue pas une offre susceptible d\u2019\u00eatre accept\u00e9e par le Client et les Contrats ne peuvent \u00eatre conclus que conform\u00e9ment \u00e0 la Condition 2.2.<\/p>\n<h2>3. Fourniture de services<\/h2>\n<p>3.1 La Soci\u00e9t\u00e9 s\u2019engage \u00e0 ex\u00e9cuter les Services avec un soin et une comp\u00e9tence raisonnables et, dans la mesure du possible, conform\u00e9ment aux d\u00e9lais indiqu\u00e9s dans le Devis. Toutefois, le temps n\u00e9cessaire \u00e0 l\u2019ex\u00e9cution des Services n\u2019est pas essentiel \u00e0 l\u2019Accord.<\/p>\n<p>3.2 Le Client s\u2019engage \u00e0 fournir \u00e0 ses frais \u00e0 la Soci\u00e9t\u00e9 tous les Mat\u00e9riels relatifs aux Services, dans un d\u00e9lai suffisant pour permettre \u00e0 la Soci\u00e9t\u00e9 de fournir les Services dans les d\u00e9lais pr\u00e9vus dans le Devis.<\/p>\n<p>3.3 Le Client conservera, \u00e0 ses frais, des copies de tous les Mat\u00e9riels. La Soci\u00e9t\u00e9 n\u2019est pas responsable de toute perte ou de tout dommage caus\u00e9 aux Mat\u00e9riels en sa possession, quelle qu\u2019en soit la cause.<\/p>\n<p>3.4 La Soci\u00e9t\u00e9 peut, \u00e0 tout moment et sans en informer le Client, apporter des modifications aux Services qui sont n\u00e9cessaires pour se conformer \u00e0 toute exigence de s\u00e9curit\u00e9 ou autre exigence l\u00e9gale applicable, ou qui n\u2019affectent pas mat\u00e9riellement la nature ou la qualit\u00e9 des Services.<\/p>\n<p>3.5 La Soci\u00e9t\u00e9 s\u2019efforcera d\u2019achever le(s) service(s) \u00e0 la date sp\u00e9cifi\u00e9e, mais ne sera pas responsable des retards d\u2019ex\u00e9cution caus\u00e9s par des \u00e9v\u00e9nements ind\u00e9pendants de la volont\u00e9 de la Soci\u00e9t\u00e9<\/p>\n<h2>4. \u00c9tape d\u2019\u00e9preuve<\/h2>\n<p>4.1 Si un Contrat implique la cr\u00e9ation d\u2019un ou plusieurs Livrables, la Soci\u00e9t\u00e9 doit produire une preuve de ces Livrables (la \u00ab Preuve \u00bb) pour approbation par le Client. Si, \u00e0 la suite de la mise \u00e0 disposition du Justificatif, le Client souhaite refuser ou modifier le Justificatif, il devra le faire par \u00e9crit dans les d\u00e9lais pr\u00e9cis\u00e9s par la Soci\u00e9t\u00e9 accompagn\u00e9 de ses observations sur le Justificatif. Si le Client n\u2019a pas notifi\u00e9 \u00e0 la Soci\u00e9t\u00e9 son rejet du BAT ou n\u2019a pas propos\u00e9 de modifications dans les d\u00e9lais impartis, le Client sera r\u00e9put\u00e9 avoir approuv\u00e9 le BAT .<\/p>\n<p>4.2 Si le Client rejette ou modifie l\u2019\u00c9preuve conform\u00e9ment \u00e0 la Condition 4.1, la Soci\u00e9t\u00e9 r\u00e9visera alors l\u2019\u00c9preuve conform\u00e9ment \u00e0 la demande du Client \u00e0 une occasion et la soumettra \u00e0 nouveau pour approbation.<\/p>\n<p>4.3 Si le Client n\u2019approuve pas l\u2019\u00c9preuve r\u00e9vis\u00e9e conform\u00e9ment \u00e0 la Condition 4.2 : 4.3.1, l\u2019une ou l\u2019autre des parties peut r\u00e9silier le Contrat imm\u00e9diatement par notification \u00e9crite \u00e0 l\u2019autre partie, auquel cas (sauf disposition contraire dans le Devis) les parties n\u2019auront plus d\u2019obligations l\u2019une envers l\u2019autre ; ou 4.3.2 le Client peut demander \u00e0 la Soci\u00e9t\u00e9 d\u2019effectuer un travail suppl\u00e9mentaire sur le Justificatif, auquel cas les parties n\u00e9gocieront de bonne foi un paiement mutuellement acceptable \u00e0 la Soci\u00e9t\u00e9 pour couvrir ce travail suppl\u00e9mentaire.<\/p>\n<p>4.4 D\u00e8s l\u2019acceptation par le Client de l\u2019\u00c9preuve conform\u00e9ment \u00e0 la pr\u00e9sente Condition 4, la Soci\u00e9t\u00e9 commencera la production commerciale du Livrable conform\u00e9ment \u00e0 l\u2019Offre. La Soci\u00e9t\u00e9 ne saurait \u00eatre tenue responsable des erreurs ou omissions relatives \u00e0 ce Livrable qui auraient \u00e9t\u00e9 constat\u00e9es si le Client avait respect\u00e9 ses obligations.<\/p>\n<h2>5. Frais<\/h2>\n<p>5.1 Le Client doit payer les frais de la Soci\u00e9t\u00e9 (ainsi que toute Taxe sur la Valeur Ajout\u00e9e applicable, et sans aucune compensation ou autre d\u00e9duction) dans les 30 jours suivant la date de la facture de la Soci\u00e9t\u00e9. Le d\u00e9lai de paiement est essentiel \u00e0 l\u2019Accord.<\/p>\n<p>5.2 Sauf disposition contraire dans le Devis, tous les frais factur\u00e9s au Client pour la fourniture des Services s\u2019entendent hors taxe sur la valeur ajout\u00e9e et frais de port\/livraison, dont le Client sera redevable en outre au tarif applicable de temps \u00e0 autre.<\/p>\n<p>5.3 La Soci\u00e9t\u00e9 facturera le Client \u00e0 la fin de chaque mois au cours duquel les Services sont fournis, ou \u00e0 d\u2019autres moments convenus avec le Client.<\/p>\n<p>5.4 Si le paiement n\u2019est pas effectu\u00e9 \u00e0 la date d\u2019\u00e9ch\u00e9ance, la Soci\u00e9t\u00e9 aura le droit, sans limiter les autres droits qu\u2019elle pourrait avoir : 5.4.1 de facturer des int\u00e9r\u00eats sur le montant impay\u00e9 (avant et apr\u00e8s tout jugement) au taux de 5 % par an au-dessus du taux de base de Abbey bank plc de temps \u00e0 autre \u00e0 compter de la date d\u2019\u00e9ch\u00e9ance jusqu\u2019\u00e0 ce que le montant impay\u00e9 soit pay\u00e9 en totalit\u00e9 ; 5.4.2 de r\u00e9silier tout accord de cr\u00e9dit et d\u2019exiger le paiement sur facture ; et\/ou 5.4.3 de suspendre ou de r\u00e9silier le Contrat et\/ou la poursuite de l\u2019ex\u00e9cution des Services.<\/p>\n<p>5.5 Si la Soci\u00e9t\u00e9 livre au Client une quantit\u00e9 de Livrables sup\u00e9rieure ou inf\u00e9rieure de 5 % \u00e0 la quantit\u00e9 indiqu\u00e9e dans la Commande, le Client n\u2019a pas le droit de s\u2019opposer ou de rejeter les Livrables ou l\u2019un d\u2019entre eux en raison de l\u2019exc\u00e9dent ou du manque \u00e0 gagner et devra payer (ou \u00eatre rembours\u00e9 le cas \u00e9ch\u00e9ant) pour ces Livrables au prorata.<\/p>\n<h2>6. Limitation de responsabilit\u00e9<\/h2>\n<p>6.1 Les dispositions suivantes de la pr\u00e9sente Condition 6 d\u00e9finissent l\u2019int\u00e9gralit\u00e9 de la responsabilit\u00e9 financi\u00e8re de la Soci\u00e9t\u00e9 (y compris toute responsabilit\u00e9 pour les actes ou omissions de ses employ\u00e9s, agents et sous-traitants) envers le Client en ce qui concerne : 6.1.1 toute violation des pr\u00e9sentes Conditions ; et 6.1.2 toute d\u00e9claration, d\u00e9claration ou acte ou omission d\u00e9lictueux, y compris la n\u00e9gligence, d\u00e9coulant de l\u2019Accord ou en relation avec celui-ci.<\/p>\n<p>6.2 Toutes les garanties, conditions et autres termes implicites de la loi ou de la common law sont, dans toute la mesure permise par la loi, exclus de l\u2019Accord.<\/p>\n<p>6.3 Rien dans les pr\u00e9sentes Conditions n\u2019exclut ou ne limite la responsabilit\u00e9 de la Soci\u00e9t\u00e9 en cas de d\u00e9c\u00e8s ou de blessures corporelles caus\u00e9s par la n\u00e9gligence de la Soci\u00e9t\u00e9 ou en cas de fausse d\u00e9claration frauduleuse. (L\u2019attention du Client est attir\u00e9e sur les dispositions de la Condition 6.4 ci-dessous)<\/p>\n<p>6.4 Sous r\u00e9serve des conditions 6.2 et 6.3 : 6.4.1 la responsabilit\u00e9 totale de la Soci\u00e9t\u00e9 en mati\u00e8re contractuelle, d\u00e9lictuelle (y compris la n\u00e9gligence ou le manquement \u00e0 une obligation l\u00e9gale), la fausse d\u00e9claration ou autre, d\u00e9coulant de l\u2019ex\u00e9cution ou de l\u2019ex\u00e9cution envisag\u00e9e d\u2019un Contrat sera limit\u00e9e au moindre des montants suivants : 1 000 \u00a3 et la valeur du Contrat ; et 6.4.2 la Soci\u00e9t\u00e9 ne sera pas responsable envers le Client de toute perte ou dommage indirect, accessoire ou cons\u00e9cutif (qu\u2019il s\u2019agisse d\u2019une perte de profit, d\u2019une perte d\u2019activit\u00e9, d\u2019un \u00e9puisement de la client\u00e8le ou autre), de co\u00fbts, de d\u00e9penses ou d\u2019autres demandes d\u2019indemnisation indirecte quelle qu\u2019en soit la cause (quelle qu\u2019en soit la cause) qui d\u00e9coulent de ou en relation avec l\u2019Accord, l\u2019utilisation de notre site Web ou de nos services.<\/p>\n<h2>7. Droits de propri\u00e9t\u00e9 intellectuelle<\/h2>\n<p>7.1 Tout le contenu de notre site Web, y compris, mais sans s\u2019y limiter, les textes, les graphiques, les images, les logos et les marques d\u00e9pos\u00e9es, est la propri\u00e9t\u00e9 d\u2019Alignian. L\u2019utilisation, la reproduction ou la distribution non autoris\u00e9e de ce contenu est strictement interdite.  <\/p>\n<p>7.2 Sous r\u00e9serve de la r\u00e9ception du paiement int\u00e9gral par la Soci\u00e9t\u00e9 de ses frais relatifs aux Services, la Soci\u00e9t\u00e9 accepte de c\u00e9der au Client tous les Droits de Propri\u00e9t\u00e9 Intellectuelle sur tous les Livrables, \u00e0 l\u2019exception de cette cession ne s\u2019appliquera pas aux droits suivants qui resteront \u00e0 la Soci\u00e9t\u00e9 \u00e0 tout moment, sous r\u00e9serve d\u2019une convention non exclusive,  une licence non transf\u00e9rable en faveur du Client pour une utilisation \u00e0 des fins commerciales internes du Client ; 7.2.1 les documents pr\u00e9existants et autres \u00e9l\u00e9ments exclusifs appartenant \u00e0 la Soci\u00e9t\u00e9, y compris (mais sans s\u2019y limiter) les Droits de propri\u00e9t\u00e9 intellectuelle sur toutes les \u0153uvres pr\u00e9c\u00e9demment d\u00e9velopp\u00e9es par la Soci\u00e9t\u00e9 ; 7.2.2 les comp\u00e9tences, le savoir-faire, les techniques et l\u2019exp\u00e9rience de base g\u00e9n\u00e9riques d\u00e9velopp\u00e9s par la Soci\u00e9t\u00e9 dans le cadre de la fourniture des Services.<\/p>\n<p>7.3 Dans le cas o\u00f9 de nouvelles inventions, conceptions ou proc\u00e9d\u00e9s \u00e9voluent dans le cadre de l\u2019ex\u00e9cution ou \u00e0 la suite du Contrat, le Client reconna\u00eet qu\u2019ils seront la propri\u00e9t\u00e9 de la Soci\u00e9t\u00e9, sauf accord \u00e9crit contraire de la Soci\u00e9t\u00e9.<\/p>\n<p>7.4 Le Client garantit que les Mat\u00e9riels sont exacts et corrects et qu\u2019ils ne contiendront aucun mat\u00e9riel trompeur, diffamatoire, calomnieux, calomnieux, frauduleux, abusif, obsc\u00e8ne, blasph\u00e9matoire, mena\u00e7ant, raciste ou autrement ill\u00e9gal.<\/p>\n<p>7.5 Le Client doit indemniser la Soci\u00e9t\u00e9 contre toutes les r\u00e9clamations, dommages, pertes et d\u00e9penses que la Soci\u00e9t\u00e9 pourrait encourir \u00e0 la suite de toute action ou r\u00e9clamation selon laquelle le Mat\u00e9riel ou tout travail effectu\u00e9 conform\u00e9ment aux instructions du Client enfreint les Droits de propri\u00e9t\u00e9 intellectuelle d\u2019un tiers et en ce qui concerne les questions d\u00e9coulant de la Condition 7.4.<\/p>\n<h2>8. Confidentialit\u00e9<\/h2>\n<p>8.1 Chaque partie (le \u00ab Destinataire \u00bb) s\u2019engage \u00e0 garder dans la plus stricte confidentialit\u00e9 tout savoir-faire technique ou commercial, sp\u00e9cifications, inventions, proc\u00e9d\u00e9s ou initiatives qui sont de nature confidentielle et qui lui ont \u00e9t\u00e9 divulgu\u00e9s par l\u2019autre partie ou ses agents et toute autre information confidentielle concernant son activit\u00e9.<\/p>\n<p>8.2 Le Destinataire doit limiter la divulgation de ces documents confidentiels aux employ\u00e9s, agents ou sous-traitants qui ont besoin d\u2019en conna\u00eetre dans le but de s\u2019acquitter de ses obligations en vertu de l\u2019Accord et doit s\u2019assurer que ces employ\u00e9s, agents ou sous-traitants sont soumis \u00e0 des obligations de confidentialit\u00e9 similaires.<\/p>\n<p>8.3 Les dispositions de la pr\u00e9sente Condition 8 ne s\u2019appliquent pas aux informations qui sont ou deviennent dans le domaine public sans acte direct ou indirect ou par d\u00e9faut des parties.<\/p>\n<h2>9. Protection des donn\u00e9es<\/h2>\n<p>9.1 Dans la pr\u00e9sente Condition 9 : 9.1.1 \u00ab DPA \u00bb d\u00e9signe la loi de 1998 sur la protection des donn\u00e9es telle que modifi\u00e9e, \u00e9tendue ou r\u00e9\u00e9dict\u00e9e de temps \u00e0 autre, y compris toute disposition subordonn\u00e9e prise en vertu de la DPA ; et 9.1.2 les termes \u00ab Donn\u00e9es \u00e0 caract\u00e8re personnel \u00bb, \u00ab Responsable du traitement \u00bb, \u00ab Sous-traitant \u00bb et \u00ab Traitement \u00bb ont la signification qui leur est donn\u00e9e dans l\u2019ATD.<\/p>\n<p>9.2 Dans la mesure o\u00f9 la Soci\u00e9t\u00e9 traite des Donn\u00e9es \u00e0 caract\u00e8re personnel dans le cadre de l\u2019ex\u00e9cution de ses obligations en vertu du pr\u00e9sent Contrat (\u00ab Donn\u00e9es \u00bb) : 9.2.1 le Client reconna\u00eet qu\u2019il est le Responsable du traitement des Donn\u00e9es et que la Soci\u00e9t\u00e9 agit au nom du Client en tant que Sous-traitant des Donn\u00e9es ; 9.2.2 La Soci\u00e9t\u00e9 : (a) prendre les mesures relatives \u00e0 la s\u00e9curit\u00e9 des Donn\u00e9es que l\u2019on peut raisonnablement attendre d\u2019une soci\u00e9t\u00e9 offrant des services identiques ou similaires aux Services, et (b) ne traitera ces donn\u00e9es que conform\u00e9ment aux instructions du client (et le traitement n\u00e9cessaire pour se conformer au pr\u00e9sent accord sera consid\u00e9r\u00e9 comme une instruction).<\/p>\n<p>9.3 La Soci\u00e9t\u00e9 reconna\u00eet qu\u2019elle peut transf\u00e9rer les Donn\u00e9es en dehors de l\u2019Espace \u00e9conomique europ\u00e9en et consent par la pr\u00e9sente \u00e0 un tel transfert.<\/p>\n<p>9.4 Le Client obtiendra et conservera toutes les notifications et tous les consentements appropri\u00e9s en vertu de l\u2019ATD afin de permettre \u00e0 la Soci\u00e9t\u00e9 de traiter les Donn\u00e9es qu\u2019elle est tenue de traiter dans le cadre de l\u2019ex\u00e9cution de ses obligations en vertu du pr\u00e9sent Contrat sans qu\u2019un tel Traitement ne contrevienne \u00e0 l\u2019ATD.<\/p>\n<h2>10. Non-sollicitation du personnel<\/h2>\n<p>10.1 Le Client ne doit pas, sans le consentement \u00e9crit pr\u00e9alable de la Soci\u00e9t\u00e9, \u00e0 tout moment pendant la dur\u00e9e du Contrat ou pendant la p\u00e9riode d\u2019un an suivant sa r\u00e9siliation, solliciter ou inciter \u00e0 quitter la Soci\u00e9t\u00e9 ou employer ou tenter d\u2019employer toute personne qui est, ou a \u00e9t\u00e9, engag\u00e9e en tant qu\u2019employ\u00e9 ou sous-traitant de la Soci\u00e9t\u00e9 dans la fourniture des Services.<\/p>\n<h2>11. Cession<\/h2>\n<p>11.1 Le Client n\u2019a pas le droit de c\u00e9der le Contrat ou une partie de celui-ci sans le consentement \u00e9crit pr\u00e9alable de la Soci\u00e9t\u00e9.<\/p>\n<p>11.2 La Soci\u00e9t\u00e9 peut c\u00e9der le Contrat ou toute partie de celui-ci \u00e0 toute personne, entreprise ou soci\u00e9t\u00e9.<\/p>\n<h2>12. Force majeure<\/h2>\n<p>12.1 La Soci\u00e9t\u00e9 se r\u00e9serve le droit de diff\u00e9rer la date de livraison ou de paiement ou d\u2019annuler le Contrat ou de r\u00e9duire les Services command\u00e9s si elle est emp\u00each\u00e9e ou retard\u00e9e dans l\u2019exercice de ses activit\u00e9s en raison de circonstances ind\u00e9pendantes de la volont\u00e9 raisonnable de la Soci\u00e9t\u00e9, y compris, sans s\u2019y limiter, les catastrophes naturelles, les actions gouvernementales,  guerre ou urgence nationale, \u00e9meute, troubles civils, incendie, explosion, inondation, catastrophes naturelles, \u00e9pid\u00e9mie, lock-out, gr\u00e8ves ou autres conflits de travail (qu\u2019ils soient ou non li\u00e9s \u00e0 la main-d\u2019\u0153uvre de l\u2019une ou l\u2019autre des parties), pannes de courant, d\u00e9faillance de la connectivit\u00e9 Internet de tiers, contraintes ou retards affectant les transporteurs et incapacit\u00e9 ou retard dans l\u2019obtention de quantit\u00e9s suffisantes de mat\u00e9riaux appropri\u00e9s, \u00e0 condition que, si l\u2019\u00e9v\u00e9nement en question se poursuit pendant une p\u00e9riode continue sup\u00e9rieure \u00e0 60 jours,  la Soci\u00e9t\u00e9 a le droit, par notification \u00e9crite au Client, de r\u00e9silier imm\u00e9diatement le Contrat.<\/p>\n<h2>13. Les communications<\/h2>\n<p>\n  13.1 Toutes les communications entre les parties au sujet du pr\u00e9sent Contrat doivent \u00eatre faites par \u00e9crit et remises en main propre, par courrier \u00e9lectronique ou envoy\u00e9es par courrier affranchi de premi\u00e8re classe ou envoy\u00e9es par t\u00e9l\u00e9copie : 13.1.1 (en cas de communications \u00e0 la Soci\u00e9t\u00e9) au 13 Longstone Avenue NW10 3UL ou \u00e0 toute adresse modifi\u00e9e qui sera notifi\u00e9e au Client par la Soci\u00e9t\u00e9 ; ou 13.1.2 (dans le cas des communications au Client) au si\u00e8ge social de la Client \u00e0 toute adresse du Client indiqu\u00e9e dans tout document faisant partie du pr\u00e9sent Contrat ou \u00e0 toute autre adresse qui sera notifi\u00e9e \u00e0 la Soci\u00e9t\u00e9 par le Client.\n<\/p>\n<p>\n  13.2 Les communications sont r\u00e9put\u00e9es avoir \u00e9t\u00e9 re\u00e7ues : 13.2.1 si elles sont envoy\u00e9es par courrier affranchi de premi\u00e8re classe, 2 jours (\u00e0 l\u2019exclusion des samedis, dimanches et jours f\u00e9ri\u00e9s au Royaume-Uni) apr\u00e8s l\u2019envoi (\u00e0 l\u2019exclusion du jour de l\u2019envoi) ; 13.2.2 si elles sont remises en main propre, le jour de la livraison ; 13.2.3 si elles sont envoy\u00e9es par e-mail ou par t\u00e9l\u00e9copie un jour ouvrable avant 16h00,  au moment de la transmission et le jour ouvrable suivant.<\/p>\n<h2>14. G\u00e9n\u00e9ralit\u00e9s<\/h2>\n<p>14.1 Chaque droit ou recours de la Soci\u00e9t\u00e9 en vertu de l\u2019Accord est sans pr\u00e9judice de tout autre droit ou recours de la Soci\u00e9t\u00e9, qu\u2019il soit ou non en vertu de l\u2019Accord.<\/p>\n<p>14.2 Si une disposition de l\u2019Accord est jug\u00e9e par une cour, un tribunal ou un organisme administratif comp\u00e9tent comme \u00e9tant totalement ou partiellement ill\u00e9gale, invalide, nulle, annulable, inapplicable ou d\u00e9raisonnable, elle sera, dans la mesure de cette ill\u00e9galit\u00e9, invalidit\u00e9, nullit\u00e9, annulable, inapplicabilit\u00e9 ou d\u00e9raisonnable, r\u00e9put\u00e9e divisible et les autres dispositions de l\u2019Accord et le reste de cette disposition resteront en vigueur et de plein effet.<\/p>\n<p>14.3 Le d\u00e9faut ou le retard de la Soci\u00e9t\u00e9 dans l\u2019application ou l\u2019application partielle d\u2019une disposition de l\u2019Accord ne sera pas interpr\u00e9t\u00e9 comme une renonciation \u00e0 l\u2019un de ses droits en vertu de l\u2019Accord.<\/p>\n<p>14.4 Toute renonciation par la Soci\u00e9t\u00e9 \u00e0 toute violation ou d\u00e9faut en vertu de l\u2019une des dispositions de l\u2019Accord par le Client ne sera pas consid\u00e9r\u00e9e comme une renonciation \u00e0 toute violation ou d\u00e9faut ult\u00e9rieur et n\u2019affectera en aucun cas les autres conditions de l\u2019Accord.<\/p>\n<p>14.5 Les parties au pr\u00e9sent Contrat n\u2019ont pas l\u2019intention qu\u2019une disposition du pr\u00e9sent Contrat soit ex\u00e9cutoire en vertu de la loi de 1999 sur les accords (droits des tiers) par toute personne qui n\u2019y est pas partie.<\/p>\n<p>14.6 La formation, l\u2019existence, l\u2019interpr\u00e9tation, l\u2019ex\u00e9cution, la validit\u00e9 et tous les aspects de l\u2019Accord seront r\u00e9gis et interpr\u00e9t\u00e9s conform\u00e9ment aux lois du Royaume-Uni et les parties se soumettent \u00e0 la juridiction exclusive des tribunaux anglais.<\/p>\n<p>14.7 Nous nous r\u00e9servons le droit de r\u00e9silier ou de suspendre les services en cas de violation des pr\u00e9sentes Conditions g\u00e9n\u00e9rales.<\/p>\n<p>Pour toute demande concernant nos conditions g\u00e9n\u00e9rales ou des questions sur nos politiques, contactez-nous.<\/p>\n","protected":false},"excerpt":{"rendered":"<p>Termes et conditions Veuillez lire nos conditions g\u00e9n\u00e9rales avant d\u2019utiliser notre site Web ou d\u2019utiliser nos services. En acc\u00e9dant \u00e0 notre site Web ou en utilisant nos services, vous acceptez d\u2019\u00eatre li\u00e9 par les pr\u00e9sentes conditions g\u00e9n\u00e9rales. 1. Utilisation du site Web et des services 1.1 Notre site Web est destin\u00e9 \u00e0 des fins d\u2019information [&hellip;]<\/p>\n","protected":false},"author":3,"featured_media":0,"parent":0,"menu_order":0,"comment_status":"closed","ping_status":"closed","template":"elementor_header_footer","meta":{"_acf_changed":false,"googlesitekit_rrm_CAowoN_EDA:productID":"","_gspb_post_css":"","content-type":"","footnotes":""},"class_list":["post-23956","page","type-page","status-publish","hentry"],"acf":[],"_links":{"self":[{"href":"https:\/\/alignian.projectsofar.com\/fr\/wp-json\/wp\/v2\/pages\/23956","targetHints":{"allow":["GET"]}}],"collection":[{"href":"https:\/\/alignian.projectsofar.com\/fr\/wp-json\/wp\/v2\/pages"}],"about":[{"href":"https:\/\/alignian.projectsofar.com\/fr\/wp-json\/wp\/v2\/types\/page"}],"author":[{"embeddable":true,"href":"https:\/\/alignian.projectsofar.com\/fr\/wp-json\/wp\/v2\/users\/3"}],"replies":[{"embeddable":true,"href":"https:\/\/alignian.projectsofar.com\/fr\/wp-json\/wp\/v2\/comments?post=23956"}],"version-history":[{"count":0,"href":"https:\/\/alignian.projectsofar.com\/fr\/wp-json\/wp\/v2\/pages\/23956\/revisions"}],"wp:attachment":[{"href":"https:\/\/alignian.projectsofar.com\/fr\/wp-json\/wp\/v2\/media?parent=23956"}],"curies":[{"name":"wp","href":"https:\/\/api.w.org\/{rel}","templated":true}]}}