{"id":23580,"date":"2024-02-20T13:10:13","date_gmt":"2024-02-20T13:10:13","guid":{"rendered":"https:\/\/alignian.net\/etude-de-cas\/"},"modified":"2024-05-31T16:58:32","modified_gmt":"2024-05-31T16:58:32","slug":"etude-de-cas","status":"publish","type":"page","link":"https:\/\/alignian.projectsofar.com\/fr\/etude-de-cas\/","title":{"rendered":"\u00c9tude de Cas"},"content":{"rendered":"<style>\/*! elementor - v3.21.0 - 26-05-2024 *\/\n.elementor-heading-title{padding:0;margin:0;line-height:1}.elementor-widget-heading .elementor-heading-title[class*=elementor-size-]>a{color:inherit;font-size:inherit;line-height:inherit}.elementor-widget-heading .elementor-heading-title.elementor-size-small{font-size:15px}.elementor-widget-heading .elementor-heading-title.elementor-size-medium{font-size:19px}.elementor-widget-heading .elementor-heading-title.elementor-size-large{font-size:29px}.elementor-widget-heading .elementor-heading-title.elementor-size-xl{font-size:39px}.elementor-widget-heading .elementor-heading-title.elementor-size-xxl{font-size:59px}<\/style>\n<h1>\u00c9tude de cas<\/h1>\n<h2>Histoires de r\u00e9ussite de nos clients<\/h2>\n<p style=\"text-align: left;\">Nous sommes fiers de notre feuille de route et nos \u00e9tudes de cas mettent en \u00e9vidence l\u2019impact tangible que nous avons eu sur nos clients. Plongez dans des exemples concrets et d\u00e9couvrez comment nos \u00e9tudes de cas ax\u00e9es sur l\u2019industrie ont aid\u00e9 nos clients \u00e0 obtenir des r\u00e9sultats exceptionnels dans de multiples secteurs.<\/p>\n<h2>Explorez nos \u00e9tudes de cas<\/h2>\n","protected":false},"excerpt":{"rendered":"<p>\u00c9tude de cas Histoires de r\u00e9ussite de nos clients Nous sommes fiers de notre feuille de route et nos \u00e9tudes de cas mettent en \u00e9vidence l\u2019impact tangible que nous avons eu sur nos clients. Plongez dans des exemples concrets et d\u00e9couvrez comment nos \u00e9tudes de cas ax\u00e9es sur l\u2019industrie ont aid\u00e9 nos clients \u00e0 obtenir [&hellip;]<\/p>\n","protected":false},"author":3,"featured_media":0,"parent":0,"menu_order":0,"comment_status":"closed","ping_status":"closed","template":"","meta":{"_acf_changed":false,"googlesitekit_rrm_CAowoN_EDA:productID":"","_gspb_post_css":"","content-type":"","footnotes":""},"class_list":["post-23580","page","type-page","status-publish","hentry"],"acf":[],"_links":{"self":[{"href":"https:\/\/alignian.projectsofar.com\/fr\/wp-json\/wp\/v2\/pages\/23580","targetHints":{"allow":["GET"]}}],"collection":[{"href":"https:\/\/alignian.projectsofar.com\/fr\/wp-json\/wp\/v2\/pages"}],"about":[{"href":"https:\/\/alignian.projectsofar.com\/fr\/wp-json\/wp\/v2\/types\/page"}],"author":[{"embeddable":true,"href":"https:\/\/alignian.projectsofar.com\/fr\/wp-json\/wp\/v2\/users\/3"}],"replies":[{"embeddable":true,"href":"https:\/\/alignian.projectsofar.com\/fr\/wp-json\/wp\/v2\/comments?post=23580"}],"version-history":[{"count":6,"href":"https:\/\/alignian.projectsofar.com\/fr\/wp-json\/wp\/v2\/pages\/23580\/revisions"}],"predecessor-version":[{"id":53644,"href":"https:\/\/alignian.projectsofar.com\/fr\/wp-json\/wp\/v2\/pages\/23580\/revisions\/53644"}],"wp:attachment":[{"href":"https:\/\/alignian.projectsofar.com\/fr\/wp-json\/wp\/v2\/media?parent=23580"}],"curies":[{"name":"wp","href":"https:\/\/api.w.org\/{rel}","templated":true}]}}