{"id":23427,"date":"2024-03-20T22:08:23","date_gmt":"2024-03-20T22:08:23","guid":{"rendered":"https:\/\/alignian.net\/relations-publiques\/"},"modified":"2024-05-31T17:42:38","modified_gmt":"2024-05-31T17:42:38","slug":"relations-publiques","status":"publish","type":"page","link":"https:\/\/alignian.projectsofar.com\/fr\/relations-publiques\/","title":{"rendered":"Relations Publiques"},"content":{"rendered":"<style>\/*! elementor - v3.21.0 - 26-05-2024 *\/\n.elementor-heading-title{padding:0;margin:0;line-height:1}.elementor-widget-heading .elementor-heading-title[class*=elementor-size-]>a{color:inherit;font-size:inherit;line-height:inherit}.elementor-widget-heading .elementor-heading-title.elementor-size-small{font-size:15px}.elementor-widget-heading .elementor-heading-title.elementor-size-medium{font-size:19px}.elementor-widget-heading .elementor-heading-title.elementor-size-large{font-size:29px}.elementor-widget-heading .elementor-heading-title.elementor-size-xl{font-size:39px}.elementor-widget-heading .elementor-heading-title.elementor-size-xxl{font-size:59px}<\/style>\n<h1>Relations publiques<\/h1>\n<h2>Acc\u00e9dez \u00e0 nos communiqu\u00e9s de presse et restez inform\u00e9 de l\u2019actualit\u00e9 d\u2019Alignian dans les m\u00e9dias.<br \/>\n<\/h2>\n<h2>Tel qu\u2019il est pr\u00e9sent\u00e9 dans<\/h2>\n<style>\/*! elementor - v3.21.0 - 26-05-2024 *\/\n.elementor-widget-image-carousel .swiper,.elementor-widget-image-carousel .swiper-container{position:static}.elementor-widget-image-carousel .swiper-container .swiper-slide figure,.elementor-widget-image-carousel .swiper .swiper-slide figure{line-height:inherit}.elementor-widget-image-carousel .swiper-slide{text-align:center}.elementor-image-carousel-wrapper:not(.swiper-container-initialized):not(.swiper-initialized) .swiper-slide{max-width:calc(100% \/ var(--e-image-carousel-slides-to-show, 3))}<\/style>\n<figure><img decoding=\"async\" src=\"https:\/\/alignian.projectsofar.com\/wp-content\/uploads\/2024\/03\/Al-Jazeera-English.png\" alt=\"Al Jazeera English\" \/><\/figure>\n<figure><img decoding=\"async\" src=\"https:\/\/alignian.projectsofar.com\/wp-content\/uploads\/2024\/03\/Associated-Press.png\" alt=\"Associated-Press\" \/><\/figure>\n<figure><img decoding=\"async\" src=\"https:\/\/alignian.projectsofar.com\/wp-content\/uploads\/2024\/03\/BBC.png\" alt=\"BBC\" \/><\/figure>\n<figure><img decoding=\"async\" src=\"https:\/\/alignian.projectsofar.com\/wp-content\/uploads\/2024\/03\/Bloomberg.png\" alt=\"Bloomberg\" \/><\/figure>\n<figure><img decoding=\"async\" src=\"https:\/\/alignian.projectsofar.com\/wp-content\/uploads\/2024\/03\/Financial-Times.png\" alt=\"Financial-Times\" \/><\/figure>\n<figure><img decoding=\"async\" src=\"https:\/\/alignian.projectsofar.com\/wp-content\/uploads\/2024\/03\/Reuters.png\" alt=\"Reuters\" \/><\/figure>\n<figure><img decoding=\"async\" src=\"https:\/\/alignian.projectsofar.com\/wp-content\/uploads\/2024\/03\/The-Wall-Street-Journal.png\" alt=\"The-Wall-Street-Journal\" \/><\/figure>\n","protected":false},"excerpt":{"rendered":"<p>Relations publiques Acc\u00e9dez \u00e0 nos communiqu\u00e9s de presse et restez inform\u00e9 de l\u2019actualit\u00e9 d\u2019Alignian dans les m\u00e9dias. Tel qu\u2019il est pr\u00e9sent\u00e9 dans<\/p>\n","protected":false},"author":3,"featured_media":0,"parent":0,"menu_order":0,"comment_status":"closed","ping_status":"closed","template":"","meta":{"_acf_changed":false,"googlesitekit_rrm_CAowoN_EDA:productID":"","_gspb_post_css":"","content-type":"","footnotes":""},"class_list":["post-23427","page","type-page","status-publish","hentry"],"acf":[],"_links":{"self":[{"href":"https:\/\/alignian.projectsofar.com\/fr\/wp-json\/wp\/v2\/pages\/23427","targetHints":{"allow":["GET"]}}],"collection":[{"href":"https:\/\/alignian.projectsofar.com\/fr\/wp-json\/wp\/v2\/pages"}],"about":[{"href":"https:\/\/alignian.projectsofar.com\/fr\/wp-json\/wp\/v2\/types\/page"}],"author":[{"embeddable":true,"href":"https:\/\/alignian.projectsofar.com\/fr\/wp-json\/wp\/v2\/users\/3"}],"replies":[{"embeddable":true,"href":"https:\/\/alignian.projectsofar.com\/fr\/wp-json\/wp\/v2\/comments?post=23427"}],"version-history":[{"count":3,"href":"https:\/\/alignian.projectsofar.com\/fr\/wp-json\/wp\/v2\/pages\/23427\/revisions"}],"predecessor-version":[{"id":53818,"href":"https:\/\/alignian.projectsofar.com\/fr\/wp-json\/wp\/v2\/pages\/23427\/revisions\/53818"}],"wp:attachment":[{"href":"https:\/\/alignian.projectsofar.com\/fr\/wp-json\/wp\/v2\/media?parent=23427"}],"curies":[{"name":"wp","href":"https:\/\/api.w.org\/{rel}","templated":true}]}}